{"id":2,"date":"2015-02-27T12:36:56","date_gmt":"2015-02-27T12:36:56","guid":{"rendered":"http:\/\/www.haawei-net.de\/seb\/?page_id=2"},"modified":"2015-08-26T14:02:47","modified_gmt":"2015-08-26T12:02:47","slug":"beispiel-seite","status":"publish","type":"page","link":"http:\/\/www.haawei-net.de\/seb\/","title":{"rendered":"Who I am"},"content":{"rendered":"<p><a href=\"http:\/\/www.haawei-net.de\/seb\/wp-content\/uploads\/2015\/02\/sebportrait1.jpg\"><img loading=\"lazy\" decoding=\"async\" class=\"aligncenter size-medium wp-image-161\" src=\"http:\/\/www.haawei-net.de\/seb\/wp-content\/uploads\/2015\/02\/sebportrait1-300x300.jpg\" alt=\"sebportrait\" width=\"300\" height=\"300\" srcset=\"http:\/\/www.haawei-net.de\/seb\/wp-content\/uploads\/2015\/02\/sebportrait1.jpg 300w, http:\/\/www.haawei-net.de\/seb\/wp-content\/uploads\/2015\/02\/sebportrait1-150x150.jpg 150w\" sizes=\"(max-width: 300px) 100vw, 300px\" \/><\/a><\/p>\n<p><strong>Sebastian Weiler<\/strong> = Grafik + Werbung: von Layout bis Reinzeichnung, von digitaler Bildbearbeitung bis Internetseitendesign und -programmierung im Individualformat. Die Aufgabe bestimmt die ideale Arbeitsweise: Teamarbeit und Einzelleistung, alles ist drin und dort, wo es passt.<\/p>\n<p>Klassische und digitale Werbung, Verkaufsf\u00f6rderung und Corporate Design, Veranstaltungen, Messen u.v.m. \u2013 seit 1987 l\u00e4uft der Laden f\u00fcr eine Reihe K\u00f6lner Agenturen und treue Einzelkunden, in deren Namen alles nur Erdenkliche erdacht, gestaltet und ver\u00f6ffentlicht wurde.<\/p>\n<p>Tinte, Blei-, Tuschestift und Rei\u00dfbrett geh\u00f6ren der Vergangenheit an, sind aber noch einsatzbereit. Gearbeitet wird an einer modern ausgestatteten Computeranlage. Die Programme der Adobe Creative Suite und des Microsoft Office sind Standard.<\/p>\n<p>&nbsp;<\/p>\n<p>&nbsp;<\/p>\n<p><strong>Sebastian Weiler<\/strong> = graphics + advertising: from layout to final artwork, from digital image processing to designing and programming websites individually. The task determines the ideal way of working: teamwork and individual performance, everything is possible and where it fits!<\/p>\n<p>Above, through and below-the-line advertising, sales promotions and corporate design, artwork for events, fairs, etc. Since 1987 business is running for several advertising agencies from Cologne\u00a0and loyal individual customers \u2013 creating, designing and publishing everything conceivable.<\/p>\n<p>Ink, lead pencil, ink pen and drawing board belong to the past, but are still at hand. The work station is a modern equipped computer system, using applications of the Adobe Creative Suite and Microsoft Office as standard.<\/p>\n<p>&nbsp;<\/p>\n","protected":false},"excerpt":{"rendered":"<p>Sebastian Weiler = Grafik + Werbung: von Layout bis Reinzeichnung, von digitaler Bildbearbeitung bis Internetseitendesign und -programmierung im Individualformat. Die Aufgabe bestimmt die ideale Arbeitsweise: Teamarbeit und Einzelleistung, alles ist [&hellip;]<\/p>\n","protected":false},"author":1,"featured_media":0,"parent":0,"menu_order":0,"comment_status":"closed","ping_status":"closed","template":"page_fullwidth.php","meta":{"footnotes":""},"_links":{"self":[{"href":"http:\/\/www.haawei-net.de\/seb\/wp-json\/wp\/v2\/pages\/2"}],"collection":[{"href":"http:\/\/www.haawei-net.de\/seb\/wp-json\/wp\/v2\/pages"}],"about":[{"href":"http:\/\/www.haawei-net.de\/seb\/wp-json\/wp\/v2\/types\/page"}],"author":[{"embeddable":true,"href":"http:\/\/www.haawei-net.de\/seb\/wp-json\/wp\/v2\/users\/1"}],"replies":[{"embeddable":true,"href":"http:\/\/www.haawei-net.de\/seb\/wp-json\/wp\/v2\/comments?post=2"}],"version-history":[{"count":13,"href":"http:\/\/www.haawei-net.de\/seb\/wp-json\/wp\/v2\/pages\/2\/revisions"}],"predecessor-version":[{"id":868,"href":"http:\/\/www.haawei-net.de\/seb\/wp-json\/wp\/v2\/pages\/2\/revisions\/868"}],"wp:attachment":[{"href":"http:\/\/www.haawei-net.de\/seb\/wp-json\/wp\/v2\/media?parent=2"}],"curies":[{"name":"wp","href":"https:\/\/api.w.org\/{rel}","templated":true}]}}