{"id":50,"date":"2015-03-02T12:08:36","date_gmt":"2015-03-02T11:08:36","guid":{"rendered":"http:\/\/www.haawei-net.de\/seb\/?page_id=50"},"modified":"2019-11-13T15:19:03","modified_gmt":"2019-11-13T14:19:03","slug":"impressum","status":"publish","type":"page","link":"http:\/\/www.haawei-net.de\/seb\/impressum\/","title":{"rendered":"Contact\/Legal notice"},"content":{"rendered":"<p>Sebastian Weiler Grafik + Werbung<br \/>\nOverather Stra\u00dfe 18<br \/>\nD-51429 Bergisch Gladbach<\/p>\n<p>Fon: +49 (0)2204 \/ 63393<br \/>\nseb@haawei-net.de<br \/>\nwww.haawei-net.de<\/p>\n<p>Bankverbindung:<br \/>\nVR bank Bergisch Gladbach eG<br \/>\nIBAN: DE65 3706 2600 3705 7980 19<br \/>\nBIC: GENODED1PAF<\/p>\n<p>Steuernummer: 204\/5120\/0185<br \/>\nInt. USt-ID: DE122000488<\/p>\n<p>Haftungshinweis: Trotz sorgf\u00e4ltiger inhaltlicher Kontrolle \u00fcbernehme ich keine Haftung f\u00fcr die Inhalte externer Links. F\u00fcr den Inhalt der verlinkten Seiten sind ausschlie\u00dflich deren Betreiber verantwortlich.<\/p>\n","protected":false},"excerpt":{"rendered":"<p>Sebastian Weiler Grafik + Werbung Overather Stra\u00dfe 18 D-51429 Bergisch Gladbach Fon: +49 (0)2204 \/ 63393 seb@haawei-net.de www.haawei-net.de Bankverbindung: VR bank Bergisch Gladbach eG IBAN: DE65 3706 2600 3705 7980 [&hellip;]<\/p>\n","protected":false},"author":1,"featured_media":0,"parent":0,"menu_order":0,"comment_status":"closed","ping_status":"closed","template":"page_fullwidth.php","meta":{"footnotes":""},"_links":{"self":[{"href":"http:\/\/www.haawei-net.de\/seb\/wp-json\/wp\/v2\/pages\/50"}],"collection":[{"href":"http:\/\/www.haawei-net.de\/seb\/wp-json\/wp\/v2\/pages"}],"about":[{"href":"http:\/\/www.haawei-net.de\/seb\/wp-json\/wp\/v2\/types\/page"}],"author":[{"embeddable":true,"href":"http:\/\/www.haawei-net.de\/seb\/wp-json\/wp\/v2\/users\/1"}],"replies":[{"embeddable":true,"href":"http:\/\/www.haawei-net.de\/seb\/wp-json\/wp\/v2\/comments?post=50"}],"version-history":[{"count":14,"href":"http:\/\/www.haawei-net.de\/seb\/wp-json\/wp\/v2\/pages\/50\/revisions"}],"predecessor-version":[{"id":908,"href":"http:\/\/www.haawei-net.de\/seb\/wp-json\/wp\/v2\/pages\/50\/revisions\/908"}],"wp:attachment":[{"href":"http:\/\/www.haawei-net.de\/seb\/wp-json\/wp\/v2\/media?parent=50"}],"curies":[{"name":"wp","href":"https:\/\/api.w.org\/{rel}","templated":true}]}}